{"id":1760,"date":"2025-02-27T20:01:57","date_gmt":"2025-02-27T20:01:57","guid":{"rendered":"https:\/\/new.bromedia.ro\/?page_id=1760"},"modified":"2026-03-24T07:21:37","modified_gmt":"2026-03-24T07:21:37","slug":"contact","status":"publish","type":"page","link":"https:\/\/bromedia.ro\/en\/contact\/","title":{"rendered":"Contact"},"content":{"rendered":"\t\t<div data-elementor-type=\"wp-page\" data-elementor-id=\"1760\" class=\"elementor elementor-1760\" data-elementor-post-type=\"page\">\n\t\t\t\t<div class=\"elementor-element elementor-element-796aca7 e-con-full e-flex e-con e-parent\" data-id=\"796aca7\" data-element_type=\"container\" data-e-type=\"container\">\n\t\t<div class=\"elementor-element elementor-element-bccbe6d e-con-full e-flex e-con e-child\" data-id=\"bccbe6d\" data-element_type=\"container\" data-e-type=\"container\" data-settings=\"{&quot;background_background&quot;:&quot;gradient&quot;}\">\n\t\t\t\t<div class=\"elementor-element elementor-element-9ce492b elementor-widget elementor-widget-heading\" data-id=\"9ce492b\" data-element_type=\"widget\" data-e-type=\"widget\" data-widget_type=\"heading.default\">\n\t\t\t\t\t<p class=\"elementor-heading-title elementor-size-default\">Contact<\/p>\t\t\t\t<\/div>\n\t\t\t\t<div class=\"elementor-element elementor-element-25a3540 elementor-widget elementor-widget-heading\" data-id=\"25a3540\" data-element_type=\"widget\" data-e-type=\"widget\" data-widget_type=\"heading.default\">\n\t\t\t\t\t<h1 class=\"elementor-heading-title elementor-size-default\">Ob\u021bine Consultan\u021b\u0103 Gratuit\u0103<\/h1>\t\t\t\t<\/div>\n\t\t\t\t<div class=\"elementor-element elementor-element-ce3d18e elementor-widget-divider--view-line elementor-widget elementor-widget-divider\" data-id=\"ce3d18e\" data-element_type=\"widget\" data-e-type=\"widget\" data-widget_type=\"divider.default\">\n\t\t\t\t\t\t\t<div class=\"elementor-divider\">\n\t\t\t<span class=\"elementor-divider-separator\">\n\t\t\t\t\t\t<\/span>\n\t\t<\/div>\n\t\t\t\t\t\t<\/div>\n\t\t\t\t<div class=\"elementor-element elementor-element-963d2ef elementor-widget__width-initial elementor-widget-mobile__width-inherit elementor-widget elementor-widget-text-editor\" data-id=\"963d2ef\" data-element_type=\"widget\" data-e-type=\"widget\" data-widget_type=\"text-editor.default\">\n\t\t\t\t\t\t\t\t\t<p>Contacteaz\u0103-ne pentru a discuta despre nevoile tale \u0219i cum te putem ajuta s\u0103 ob\u021bii cele mai bune solu\u021bii.<\/p>\t\t\t\t\t\t\t\t<\/div>\n\t\t\t\t<\/div>\n\t\t\t\t<\/div>\n\t\t<div class=\"elementor-element elementor-element-6b611d8 e-flex e-con-boxed e-con e-parent\" data-id=\"6b611d8\" data-element_type=\"container\" data-e-type=\"container\">\n\t\t\t\t\t<div class=\"e-con-inner\">\n\t\t<div class=\"elementor-element elementor-element-e45a5b2 e-con-full e-flex e-con e-child\" data-id=\"e45a5b2\" data-element_type=\"container\" data-e-type=\"container\" data-settings=\"{&quot;background_background&quot;:&quot;classic&quot;}\">\n\t\t<div class=\"elementor-element elementor-element-efb5e02 e-con-full e-flex e-con e-child\" data-id=\"efb5e02\" data-element_type=\"container\" data-e-type=\"container\">\n\t\t\t\t<div class=\"elementor-element elementor-element-de6fc9a elementor-widget elementor-widget-heading\" data-id=\"de6fc9a\" data-element_type=\"widget\" data-e-type=\"widget\" data-widget_type=\"heading.default\">\n\t\t\t\t\t<p class=\"elementor-heading-title elementor-size-default\">Date Firm\u0103<\/p>\t\t\t\t<\/div>\n\t\t\t\t<div class=\"elementor-element elementor-element-eec985b elementor-widget elementor-widget-heading\" data-id=\"eec985b\" data-element_type=\"widget\" data-e-type=\"widget\" data-widget_type=\"heading.default\">\n\t\t\t\t\t<p class=\"elementor-heading-title elementor-size-default\">Contact BRO Media<\/p>\t\t\t\t<\/div>\n\t\t\t\t<div class=\"elementor-element elementor-element-2339f82 elementor-widget-divider--view-line elementor-widget elementor-widget-divider\" data-id=\"2339f82\" data-element_type=\"widget\" data-e-type=\"widget\" data-widget_type=\"divider.default\">\n\t\t\t\t\t\t\t<div class=\"elementor-divider\">\n\t\t\t<span class=\"elementor-divider-separator\">\n\t\t\t\t\t\t<\/span>\n\t\t<\/div>\n\t\t\t\t\t\t<\/div>\n\t\t\t\t<div class=\"elementor-element elementor-element-9b45e6a elementor-widget elementor-widget-text-editor\" data-id=\"9b45e6a\" data-element_type=\"widget\" data-e-type=\"widget\" data-widget_type=\"text-editor.default\">\n\t\t\t\t\t\t\t\t\tBRO Media Online SRL<br>\nCUI: 45586725<br>\nJ08\/337\/2022\t\t\t\t\t\t\t\t<\/div>\n\t\t\t\t<\/div>\n\t\t\t\t<\/div>\n\t\t<div class=\"elementor-element elementor-element-c31214b e-con-full e-flex e-con e-child\" data-id=\"c31214b\" data-element_type=\"container\" data-e-type=\"container\" data-settings=\"{&quot;background_background&quot;:&quot;gradient&quot;}\">\n\t\t\t\t<div class=\"elementor-element elementor-element-3f9d51f elementor-widget elementor-widget-button\" data-id=\"3f9d51f\" data-element_type=\"widget\" data-e-type=\"widget\" data-widget_type=\"button.default\">\n\t\t\t\t\t\t\t\t\t\t<a class=\"elementor-button elementor-button-link elementor-size-sm elementor-animation-shrink\" href=\"tel:+40775226117\">\n\t\t\t\t\t\t<span class=\"elementor-button-content-wrapper\">\n\t\t\t\t\t\t\t\t\t<span class=\"elementor-button-text\">0775 226 117<\/span>\n\t\t\t\t\t<\/span>\n\t\t\t\t\t<\/a>\n\t\t\t\t\t\t\t\t<\/div>\n\t\t\t\t<div class=\"elementor-element elementor-element-fd5aca0 elementor-widget-divider--view-line_text elementor-widget-divider--element-align-center elementor-widget elementor-widget-divider\" data-id=\"fd5aca0\" data-element_type=\"widget\" data-e-type=\"widget\" data-widget_type=\"divider.default\">\n\t\t\t\t\t\t\t<div class=\"elementor-divider\">\n\t\t\t<span class=\"elementor-divider-separator\">\n\t\t\t\t\t\t\t<span class=\"elementor-divider__text elementor-divider__element\">\n\t\t\t\tSAU\t\t\t\t<\/span>\n\t\t\t\t\t\t<\/span>\n\t\t<\/div>\n\t\t\t\t\t\t<\/div>\n\t\t\t\t<div class=\"elementor-element elementor-element-b350d4e elementor-widget elementor-widget-text-editor\" data-id=\"b350d4e\" data-element_type=\"widget\" data-e-type=\"widget\" data-widget_type=\"text-editor.default\">\n\t\t\t\t\t\t\t\t\tsalut@bromedia.ro \t\t\t\t\t\t\t\t<\/div>\n\t\t\t\t<\/div>\n\t\t\t\t\t<\/div>\n\t\t\t\t<\/div>\n\t\t<div class=\"elementor-element elementor-element-fe8beb9 e-flex e-con-boxed e-con e-parent\" data-id=\"fe8beb9\" data-element_type=\"container\" data-e-type=\"container\" data-settings=\"{&quot;background_background&quot;:&quot;classic&quot;}\">\n\t\t\t\t\t<div class=\"e-con-inner\">\n\t\t\t\t<div class=\"elementor-element elementor-element-5ae1122 elementor-widget elementor-widget-heading\" data-id=\"5ae1122\" data-element_type=\"widget\" data-e-type=\"widget\" data-widget_type=\"heading.default\">\n\t\t\t\t\t<p class=\"elementor-heading-title elementor-size-default\">contact<\/p>\t\t\t\t<\/div>\n\t\t\t\t<div class=\"elementor-element elementor-element-bd655a3 elementor-widget elementor-widget-heading\" data-id=\"bd655a3\" data-element_type=\"widget\" data-e-type=\"widget\" data-widget_type=\"heading.default\">\n\t\t\t\t\t<h2 class=\"elementor-heading-title elementor-size-default\">Cerere Ofert\u0103<\/h2>\t\t\t\t<\/div>\n\t\t\t\t<div class=\"elementor-element elementor-element-b363bca elementor-widget-divider--view-line elementor-widget elementor-widget-divider\" data-id=\"b363bca\" data-element_type=\"widget\" data-e-type=\"widget\" data-widget_type=\"divider.default\">\n\t\t\t\t\t\t\t<div class=\"elementor-divider\">\n\t\t\t<span class=\"elementor-divider-separator\">\n\t\t\t\t\t\t<\/span>\n\t\t<\/div>\n\t\t\t\t\t\t<\/div>\n\t\t\t\t<div class=\"elementor-element elementor-element-e8060dc elementor-widget elementor-widget-text-editor\" data-id=\"e8060dc\" data-element_type=\"widget\" data-e-type=\"widget\" data-widget_type=\"text-editor.default\">\n\t\t\t\t\t\t\t\t\t<p>Completeaz\u0103 formularul \u0219i prime\u0219te o ofert\u0103 personalizat\u0103, adaptat\u0103 afacerii tale, pentru a te ajuta s\u0103 faci un pas important \u00een dezvoltarea online. Suntem aici s\u0103 \u00ee\u021bi oferim cele mai bune solu\u021bii pentru nevoile tale.<\/p>\t\t\t\t\t\t\t\t<\/div>\n\t\t\t\t<div class=\"elementor-element elementor-element-abe4a9b elementor-button-align-start elementor-widget elementor-widget-form\" data-id=\"abe4a9b\" data-element_type=\"widget\" data-e-type=\"widget\" data-settings=\"{&quot;step_next_label&quot;:&quot;\\u00cenainte&quot;,&quot;step_previous_label&quot;:&quot;\\u00cenapoi&quot;,&quot;button_width&quot;:&quot;100&quot;,&quot;step_type&quot;:&quot;number_text&quot;,&quot;step_icon_shape&quot;:&quot;circle&quot;}\" data-widget_type=\"form.default\">\n\t\t\t\t\t\t\t<form class=\"elementor-form\" method=\"post\" name=\"New Form\" aria-label=\"New Form\">\n\t\t\t<input type=\"hidden\" name=\"post_id\" value=\"1760\"\/>\n\t\t\t<input type=\"hidden\" name=\"form_id\" value=\"abe4a9b\"\/>\n\t\t\t<input type=\"hidden\" name=\"referer_title\" value=\"Contact - BRO Media\" \/>\n\n\t\t\t\t\t\t\t<input type=\"hidden\" name=\"queried_id\" value=\"1760\"\/>\n\t\t\t\n\t\t\t<div class=\"elementor-form-fields-wrapper elementor-labels-above\">\n\t\t\t\t\t\t\t\t<div class=\"elementor-field-type-step elementor-field-group elementor-column elementor-field-group-field_5d5b2f6 elementor-col-100\">\n\t\t\t\t\t\t\t<div class=\"e-field-step elementor-hidden\" data-label=\"Detalii Personale\" data-previousButton=\"\" data-nextButton=\"\" data-iconUrl=\"\" data-iconLibrary=\"fas fa-star\" data-icon=\"&lt;svg class=&quot;e-font-icon-svg e-fas-star&quot; viewBox=&quot;0 0 576 512&quot; xmlns=&quot;http:\/\/www.w3.org\/2000\/svg&quot;&gt;&lt;path d=&quot;M259.3 17.8L194 150.2 47.9 171.5c-26.2 3.8-36.7 36.1-17.7 54.6l105.7 103-25 145.5c-4.5 26.3 23.2 46 46.4 33.7L288 439.6l130.7 68.7c23.2 12.2 50.9-7.4 46.4-33.7l-25-145.5 105.7-103c19-18.5 8.5-50.8-17.7-54.6L382 150.2 316.7 17.8c-11.7-23.6-45.6-23.9-57.4 0z&quot;&gt;&lt;\/path&gt;&lt;\/svg&gt;\" ><\/div>\n\n\t\t\t\t\t\t<\/div>\n\t\t\t\t\t\t\t\t<div class=\"elementor-field-type-text elementor-field-group elementor-column elementor-field-group-name elementor-col-100 elementor-field-required\">\n\t\t\t\t\t\t\t\t\t\t\t\t\t<input size=\"1\" type=\"text\" name=\"form_fields[name]\" id=\"form-field-name\" class=\"elementor-field elementor-size-sm  elementor-field-textual\" placeholder=\"Nume\" required=\"required\">\n\t\t\t\t\t\t\t\t\t\t\t<\/div>\n\t\t\t\t\t\t\t\t<div class=\"elementor-field-type-email elementor-field-group elementor-column elementor-field-group-email elementor-col-100 elementor-field-required\">\n\t\t\t\t\t\t\t\t\t\t\t\t\t<input size=\"1\" type=\"email\" name=\"form_fields[email]\" id=\"form-field-email\" class=\"elementor-field elementor-size-sm  elementor-field-textual\" placeholder=\"Email\" required=\"required\">\n\t\t\t\t\t\t\t\t\t\t\t<\/div>\n\t\t\t\t\t\t\t\t<div class=\"elementor-field-type-text elementor-field-group elementor-column elementor-field-group-field_2012e87 elementor-col-100 elementor-field-required\">\n\t\t\t\t\t\t\t\t\t\t\t\t\t<input size=\"1\" type=\"text\" name=\"form_fields[field_2012e87]\" id=\"form-field-field_2012e87\" class=\"elementor-field elementor-size-sm  elementor-field-textual\" placeholder=\"Telefon\" required=\"required\">\n\t\t\t\t\t\t\t\t\t\t\t<\/div>\n\t\t\t\t\t\t\t\t<div class=\"elementor-field-type-step elementor-field-group elementor-column elementor-field-group-field_c74b502 elementor-col-100\">\n\t\t\t\t\t\t\t<div class=\"e-field-step elementor-hidden\" data-label=\"Detalii Website\" data-previousButton=\"\" data-nextButton=\"\" data-iconUrl=\"\" data-iconLibrary=\"fas fa-star\" data-icon=\"&lt;svg class=&quot;e-font-icon-svg e-fas-star&quot; viewBox=&quot;0 0 576 512&quot; xmlns=&quot;http:\/\/www.w3.org\/2000\/svg&quot;&gt;&lt;path d=&quot;M259.3 17.8L194 150.2 47.9 171.5c-26.2 3.8-36.7 36.1-17.7 54.6l105.7 103-25 145.5c-4.5 26.3 23.2 46 46.4 33.7L288 439.6l130.7 68.7c23.2 12.2 50.9-7.4 46.4-33.7l-25-145.5 105.7-103c19-18.5 8.5-50.8-17.7-54.6L382 150.2 316.7 17.8c-11.7-23.6-45.6-23.9-57.4 0z&quot;&gt;&lt;\/path&gt;&lt;\/svg&gt;\" ><\/div>\n\n\t\t\t\t\t\t<\/div>\n\t\t\t\t\t\t\t\t<div class=\"elementor-field-type-select elementor-field-group elementor-column elementor-field-group-field_13d9b21 elementor-col-100 elementor-field-required\">\n\t\t\t\t\t\t\t<div class=\"elementor-field elementor-select-wrapper remove-before \">\n\t\t\t<div class=\"select-caret-down-wrapper\">\n\t\t\t\t<svg aria-hidden=\"true\" class=\"e-font-icon-svg e-eicon-caret-down\" viewBox=\"0 0 571.4 571.4\" xmlns=\"http:\/\/www.w3.org\/2000\/svg\"><path d=\"M571 393Q571 407 561 418L311 668Q300 679 286 679T261 668L11 418Q0 407 0 393T11 368 36 357H536Q550 357 561 368T571 393Z\"><\/path><\/svg>\t\t\t<\/div>\n\t\t\t<select name=\"form_fields[field_13d9b21]\" id=\"form-field-field_13d9b21\" class=\"elementor-field-textual elementor-size-sm\" required=\"required\">\n\t\t\t\t\t\t\t\t\t<option value=\"Doresc Logo\">Doresc Logo<\/option>\n\t\t\t\t\t\t\t\t\t<option value=\"Da\">Da<\/option>\n\t\t\t\t\t\t\t\t\t<option value=\"Nu\">Nu<\/option>\n\t\t\t\t\t\t\t<\/select>\n\t\t<\/div>\n\t\t\t\t\t\t<\/div>\n\t\t\t\t\t\t\t\t<div class=\"elementor-field-type-select elementor-field-group elementor-column elementor-field-group-field_e4f0af1 elementor-col-100 elementor-field-required\">\n\t\t\t\t\t\t\t<div class=\"elementor-field elementor-select-wrapper remove-before \">\n\t\t\t<div class=\"select-caret-down-wrapper\">\n\t\t\t\t<svg aria-hidden=\"true\" class=\"e-font-icon-svg e-eicon-caret-down\" viewBox=\"0 0 571.4 571.4\" xmlns=\"http:\/\/www.w3.org\/2000\/svg\"><path d=\"M571 393Q571 407 561 418L311 668Q300 679 286 679T261 668L11 418Q0 407 0 393T11 368 36 357H536Q550 357 561 368T571 393Z\"><\/path><\/svg>\t\t\t<\/div>\n\t\t\t<select name=\"form_fields[field_e4f0af1]\" id=\"form-field-field_e4f0af1\" class=\"elementor-field-textual elementor-size-sm\" required=\"required\">\n\t\t\t\t\t\t\t\t\t<option value=\"Num\u0103r de Pagini\">Num\u0103r de Pagini<\/option>\n\t\t\t\t\t\t\t\t\t<option value=\"1-10\">1-10<\/option>\n\t\t\t\t\t\t\t\t\t<option value=\"11-20\">11-20<\/option>\n\t\t\t\t\t\t\t\t\t<option value=\"21-30\">21-30<\/option>\n\t\t\t\t\t\t\t\t\t<option value=\"31+\">31+<\/option>\n\t\t\t\t\t\t\t<\/select>\n\t\t<\/div>\n\t\t\t\t\t\t<\/div>\n\t\t\t\t\t\t\t\t<div class=\"elementor-field-type-select elementor-field-group elementor-column elementor-field-group-field_f651c63 elementor-col-100\">\n\t\t\t\t\t\t\t<div class=\"elementor-field elementor-select-wrapper remove-before \">\n\t\t\t<div class=\"select-caret-down-wrapper\">\n\t\t\t\t<svg aria-hidden=\"true\" class=\"e-font-icon-svg e-eicon-caret-down\" viewBox=\"0 0 571.4 571.4\" xmlns=\"http:\/\/www.w3.org\/2000\/svg\"><path d=\"M571 393Q571 407 561 418L311 668Q300 679 286 679T261 668L11 418Q0 407 0 393T11 368 36 357H536Q550 357 561 368T571 393Z\"><\/path><\/svg>\t\t\t<\/div>\n\t\t\t<select name=\"form_fields[field_f651c63]\" id=\"form-field-field_f651c63\" class=\"elementor-field-textual elementor-size-sm\">\n\t\t\t\t\t\t\t\t\t<option value=\"Num\u0103r de Produse (pentru magazine online)\">Num\u0103r de Produse (pentru magazine online)<\/option>\n\t\t\t\t\t\t\t\t\t<option value=\"1-10\">1-10<\/option>\n\t\t\t\t\t\t\t\t\t<option value=\"11-100\">11-100<\/option>\n\t\t\t\t\t\t\t\t\t<option value=\"100+\">100+<\/option>\n\t\t\t\t\t\t\t<\/select>\n\t\t<\/div>\n\t\t\t\t\t\t<\/div>\n\t\t\t\t\t\t\t\t<div class=\"elementor-field-type-textarea elementor-field-group elementor-column elementor-field-group-message elementor-col-100\">\n\t\t\t\t\t<textarea class=\"elementor-field-textual elementor-field  elementor-size-sm\" name=\"form_fields[message]\" id=\"form-field-message\" rows=\"4\" placeholder=\"Exemple de site-uri similare cu ceea ce caut.\"><\/textarea>\t\t\t\t<\/div>\n\t\t\t\t\t\t\t\t<div class=\"elementor-field-type-step elementor-field-group elementor-column elementor-field-group-field_192c1b0 elementor-col-100\">\n\t\t\t\t\t\t\t<div class=\"e-field-step elementor-hidden\" data-label=\"Func\u021bionalit\u0103\u021bi Website\" data-previousButton=\"\" data-nextButton=\"\" data-iconUrl=\"\" data-iconLibrary=\"fas fa-star\" data-icon=\"&lt;svg class=&quot;e-font-icon-svg e-fas-star&quot; viewBox=&quot;0 0 576 512&quot; xmlns=&quot;http:\/\/www.w3.org\/2000\/svg&quot;&gt;&lt;path d=&quot;M259.3 17.8L194 150.2 47.9 171.5c-26.2 3.8-36.7 36.1-17.7 54.6l105.7 103-25 145.5c-4.5 26.3 23.2 46 46.4 33.7L288 439.6l130.7 68.7c23.2 12.2 50.9-7.4 46.4-33.7l-25-145.5 105.7-103c19-18.5 8.5-50.8-17.7-54.6L382 150.2 316.7 17.8c-11.7-23.6-45.6-23.9-57.4 0z&quot;&gt;&lt;\/path&gt;&lt;\/svg&gt;\" ><\/div>\n\n\t\t\t\t\t\t<\/div>\n\t\t\t\t\t\t\t\t<div class=\"elementor-field-type-checkbox elementor-field-group elementor-column elementor-field-group-field_45ce3d7 elementor-col-100\">\n\t\t\t\t\t\t\t\t\t\t\t\t<label for=\"form-field-field_45ce3d7\" class=\"elementor-field-label\">\n\t\t\t\t\t\t\t\tSite-ul trebuie s\u0103 contin\u0103\t\t\t\t\t\t\t<\/label>\n\t\t\t\t\t\t<div class=\"elementor-field-subgroup  elementor-subgroup-inline\"><span class=\"elementor-field-option\"><input type=\"checkbox\" value=\"Galerie Foto\" id=\"form-field-field_45ce3d7-0\" name=\"form_fields[field_45ce3d7][]\"> <label for=\"form-field-field_45ce3d7-0\">Galerie Foto<\/label><\/span><span class=\"elementor-field-option\"><input type=\"checkbox\" value=\"Formular de contact\" id=\"form-field-field_45ce3d7-1\" name=\"form_fields[field_45ce3d7][]\"> <label for=\"form-field-field_45ce3d7-1\">Formular de contact<\/label><\/span><span class=\"elementor-field-option\"><input type=\"checkbox\" value=\"Integrare Hart\u0103\" id=\"form-field-field_45ce3d7-2\" name=\"form_fields[field_45ce3d7][]\"> <label for=\"form-field-field_45ce3d7-2\">Integrare Hart\u0103<\/label><\/span><span class=\"elementor-field-option\"><input type=\"checkbox\" value=\"WhatsApp\" id=\"form-field-field_45ce3d7-3\" name=\"form_fields[field_45ce3d7][]\"> <label for=\"form-field-field_45ce3d7-3\">WhatsApp<\/label><\/span><span class=\"elementor-field-option\"><input type=\"checkbox\" value=\"Feed Re\u021bele Sociale\" id=\"form-field-field_45ce3d7-4\" name=\"form_fields[field_45ce3d7][]\"> <label for=\"form-field-field_45ce3d7-4\">Feed Re\u021bele Sociale<\/label><\/span><span class=\"elementor-field-option\"><input type=\"checkbox\" value=\"Adres\u0103 Email Personalizat\u0103\" id=\"form-field-field_45ce3d7-5\" name=\"form_fields[field_45ce3d7][]\"> <label for=\"form-field-field_45ce3d7-5\">Adres\u0103 Email Personalizat\u0103<\/label><\/span><span class=\"elementor-field-option\"><input type=\"checkbox\" value=\"Compatibil GDPR\" id=\"form-field-field_45ce3d7-6\" name=\"form_fields[field_45ce3d7][]\"> <label for=\"form-field-field_45ce3d7-6\">Compatibil GDPR<\/label><\/span><span class=\"elementor-field-option\"><input type=\"checkbox\" value=\"Google Consent Mode v2\" id=\"form-field-field_45ce3d7-7\" name=\"form_fields[field_45ce3d7][]\"> <label for=\"form-field-field_45ce3d7-7\">Google Consent Mode v2<\/label><\/span><span class=\"elementor-field-option\"><input type=\"checkbox\" value=\"Google Analytics\" id=\"form-field-field_45ce3d7-8\" name=\"form_fields[field_45ce3d7][]\"> <label for=\"form-field-field_45ce3d7-8\">Google Analytics<\/label><\/span><span class=\"elementor-field-option\"><input type=\"checkbox\" value=\"Facebook Pixel\" id=\"form-field-field_45ce3d7-9\" name=\"form_fields[field_45ce3d7][]\"> <label for=\"form-field-field_45ce3d7-9\">Facebook Pixel<\/label><\/span><span class=\"elementor-field-option\"><input type=\"checkbox\" value=\"Optimizare Vitez\u0103 Inc\u0103rcare\" id=\"form-field-field_45ce3d7-10\" name=\"form_fields[field_45ce3d7][]\"> <label for=\"form-field-field_45ce3d7-10\">Optimizare Vitez\u0103 Inc\u0103rcare<\/label><\/span><span class=\"elementor-field-option\"><input type=\"checkbox\" value=\"Optimizare SEO On-Site\" id=\"form-field-field_45ce3d7-11\" name=\"form_fields[field_45ce3d7][]\"> <label for=\"form-field-field_45ce3d7-11\">Optimizare SEO On-Site<\/label><\/span><span class=\"elementor-field-option\"><input type=\"checkbox\" value=\"Chat AI\" id=\"form-field-field_45ce3d7-12\" name=\"form_fields[field_45ce3d7][]\"> <label for=\"form-field-field_45ce3d7-12\">Chat AI<\/label><\/span><span class=\"elementor-field-option\"><input type=\"checkbox\" value=\"Plat\u0103 Card\" id=\"form-field-field_45ce3d7-13\" name=\"form_fields[field_45ce3d7][]\"> <label for=\"form-field-field_45ce3d7-13\">Plat\u0103 Card<\/label><\/span><span class=\"elementor-field-option\"><input type=\"checkbox\" value=\"Soft Curier\" id=\"form-field-field_45ce3d7-14\" name=\"form_fields[field_45ce3d7][]\"> <label for=\"form-field-field_45ce3d7-14\">Soft Curier<\/label><\/span><span class=\"elementor-field-option\"><input type=\"checkbox\" value=\"Soft Facturare\" id=\"form-field-field_45ce3d7-15\" name=\"form_fields[field_45ce3d7][]\"> <label for=\"form-field-field_45ce3d7-15\">Soft Facturare<\/label><\/span><span class=\"elementor-field-option\"><input type=\"checkbox\" value=\"Alte Func\u021bionalit\u0103\u021bi (Detaliez mai jos)\" id=\"form-field-field_45ce3d7-16\" name=\"form_fields[field_45ce3d7][]\"> <label for=\"form-field-field_45ce3d7-16\">Alte Func\u021bionalit\u0103\u021bi (Detaliez mai jos)<\/label><\/span><\/div>\t\t\t\t<\/div>\n\t\t\t\t\t\t\t\t<div class=\"elementor-field-type-textarea elementor-field-group elementor-column elementor-field-group-field_4986e3e elementor-col-100\">\n\t\t\t\t\t<textarea class=\"elementor-field-textual elementor-field  elementor-size-sm\" name=\"form_fields[field_4986e3e]\" id=\"form-field-field_4986e3e\" rows=\"4\" placeholder=\"Alte detalii relevante\"><\/textarea>\t\t\t\t<\/div>\n\t\t\t\t\t\t\t\t<div class=\"elementor-field-type-acceptance elementor-field-group elementor-column elementor-field-group-field_fad2e93 elementor-col-100 elementor-field-required\">\n\t\t\t\t\t\t\t<div class=\"elementor-field-subgroup\">\n\t\t\t<span class=\"elementor-field-option\">\n\t\t\t\t<input type=\"checkbox\" name=\"form_fields[field_fad2e93]\" id=\"form-field-field_fad2e93\" class=\"elementor-field elementor-size-sm  elementor-acceptance-field\" required=\"required\">\n\t\t\t\t<label for=\"form-field-field_fad2e93\">Sunt de acord cu procesarea datelor mele personale \u00een vederea cre\u0103rii unei oferte de pre\u021b.<\/label>\t\t\t<\/span>\n\t\t<\/div>\n\t\t\t\t\t\t<\/div>\n\t\t\t\t\t\t\t\t<div class=\"elementor-field-type-recaptcha_v3 elementor-field-group elementor-column elementor-field-group-field_7ea1bdd elementor-col-100 recaptcha_v3-bottomright\">\n\t\t\t\t\t<div class=\"elementor-field\" id=\"form-field-field_7ea1bdd\"><div class=\"elementor-g-recaptcha\" data-sitekey=\"6LekY-sqAAAAAD0MqTadGbf_Sg06VDRf--jcUP3a\" data-type=\"v3\" data-action=\"Form\" data-badge=\"bottomright\" data-size=\"invisible\"><\/div><\/div>\t\t\t\t<\/div>\n\t\t\t\t\t\t\t\t<div class=\"elementor-field-group elementor-column elementor-field-type-submit elementor-col-100 e-form__buttons\">\n\t\t\t\t\t<button class=\"elementor-button elementor-size-sm\" type=\"submit\">\n\t\t\t\t\t\t<span class=\"elementor-button-content-wrapper\">\n\t\t\t\t\t\t\t\t\t\t\t\t\t\t\t\t\t\t\t\t\t\t<span class=\"elementor-button-text\">Trimite<\/span>\n\t\t\t\t\t\t\t\t\t\t\t\t\t<\/span>\n\t\t\t\t\t<\/button>\n\t\t\t\t<\/div>\n\t\t\t<\/div>\n\t\t<\/form>\n\t\t\t\t\t\t<\/div>\n\t\t\t\t\t<\/div>\n\t\t\t\t<\/div>\n\t\t\t\t<\/div>\n\t\t","protected":false},"excerpt":{"rendered":"<p>Contact Ob\u021bine Consultan\u021b\u0103 Gratuit\u0103 Contacteaz\u0103-ne pentru a discuta despre nevoile tale \u0219i cum te putem ajuta s\u0103 ob\u021bii cele mai bune solu\u021bii. Date Firm\u0103 Contact BRO Media BRO Media Online SRL CUI: 45586725 J08\/337\/2022 0775 226 117 SAU salut@bromedia.ro contact Cerere Ofert\u0103 Completeaz\u0103 formularul \u0219i prime\u0219te o ofert\u0103 personalizat\u0103, adaptat\u0103 afacerii tale, pentru a te [&hellip;]<\/p>\n","protected":false},"author":1,"featured_media":0,"parent":0,"menu_order":0,"comment_status":"closed","ping_status":"closed","template":"elementor_header_footer","meta":{"footnotes":""},"categories":[],"tags":[],"class_list":["post-1760","page","type-page","status-publish","hentry"],"_links":{"self":[{"href":"https:\/\/bromedia.ro\/en\/wp-json\/wp\/v2\/pages\/1760","targetHints":{"allow":["GET"]}}],"collection":[{"href":"https:\/\/bromedia.ro\/en\/wp-json\/wp\/v2\/pages"}],"about":[{"href":"https:\/\/bromedia.ro\/en\/wp-json\/wp\/v2\/types\/page"}],"author":[{"embeddable":true,"href":"https:\/\/bromedia.ro\/en\/wp-json\/wp\/v2\/users\/1"}],"replies":[{"embeddable":true,"href":"https:\/\/bromedia.ro\/en\/wp-json\/wp\/v2\/comments?post=1760"}],"version-history":[{"count":40,"href":"https:\/\/bromedia.ro\/en\/wp-json\/wp\/v2\/pages\/1760\/revisions"}],"predecessor-version":[{"id":6392,"href":"https:\/\/bromedia.ro\/en\/wp-json\/wp\/v2\/pages\/1760\/revisions\/6392"}],"wp:attachment":[{"href":"https:\/\/bromedia.ro\/en\/wp-json\/wp\/v2\/media?parent=1760"}],"wp:term":[{"taxonomy":"category","embeddable":true,"href":"https:\/\/bromedia.ro\/en\/wp-json\/wp\/v2\/categories?post=1760"},{"taxonomy":"post_tag","embeddable":true,"href":"https:\/\/bromedia.ro\/en\/wp-json\/wp\/v2\/tags?post=1760"}],"curies":[{"name":"wp","href":"https:\/\/api.w.org\/{rel}","templated":true}]}}