{"id":2596,"date":"2025-03-04T14:04:57","date_gmt":"2025-03-04T14:04:57","guid":{"rendered":"https:\/\/new.bromedia.ro\/?page_id=2596"},"modified":"2025-06-30T11:25:31","modified_gmt":"2025-06-30T11:25:31","slug":"tutoriale-seo","status":"publish","type":"page","link":"https:\/\/bromedia.ro\/en\/tutoriale-seo\/","title":{"rendered":"SEO Tutorials"},"content":{"rendered":"<div data-elementor-type=\"wp-page\" data-elementor-id=\"2596\" class=\"elementor elementor-2596\" data-elementor-post-type=\"page\">\n\t\t\t\t<div class=\"elementor-element elementor-element-87b88bb e-con-full e-flex e-con e-parent\" data-id=\"87b88bb\" data-element_type=\"container\" data-e-type=\"container\">\n\t\t<div class=\"elementor-element elementor-element-c067dd8 e-con-full e-flex e-con e-child\" data-id=\"c067dd8\" data-element_type=\"container\" data-e-type=\"container\" data-settings=\"{&quot;background_background&quot;:&quot;gradient&quot;}\">\n\t\t\t\t<div class=\"elementor-element elementor-element-9138cda elementor-widget elementor-widget-heading\" data-id=\"9138cda\" data-element_type=\"widget\" data-e-type=\"widget\" data-widget_type=\"heading.default\">\n\t\t\t\t\t<p class=\"elementor-heading-title elementor-size-default\">Blog<\/p>\t\t\t\t<\/div>\n\t\t\t\t<div class=\"elementor-element elementor-element-5229320 elementor-widget elementor-widget-heading\" data-id=\"5229320\" data-element_type=\"widget\" data-e-type=\"widget\" data-widget_type=\"heading.default\">\n\t\t\t\t\t<h1 class=\"elementor-heading-title elementor-size-default\">SEO Tutorials<\/h1>\t\t\t\t<\/div>\n\t\t\t\t<div class=\"elementor-element elementor-element-612dc74 elementor-widget-divider--view-line elementor-widget elementor-widget-divider\" data-id=\"612dc74\" data-element_type=\"widget\" data-e-type=\"widget\" data-widget_type=\"divider.default\">\n\t\t\t\t\t\t\t<div class=\"elementor-divider\">\n\t\t\t<span class=\"elementor-divider-separator\">\n\t\t\t\t\t\t<\/span>\n\t\t<\/div>\n\t\t\t\t\t\t<\/div>\n\t\t\t\t<div class=\"elementor-element elementor-element-d6c871c elementor-widget__width-initial elementor-widget-mobile__width-inherit elementor-widget-tablet__width-inherit elementor-widget elementor-widget-text-editor\" data-id=\"d6c871c\" data-element_type=\"widget\" data-e-type=\"widget\" data-widget_type=\"text-editor.default\">\n\t\t\t\t\t\t\t\t\tPe pagina noastr\u0103 de tutoriale SEO, vei descoperi tehnici \u0219i recomand\u0103ri esen\u021biale pentru a-\u021bi \u00eembun\u0103t\u0103\u021bi clasamentul site-ului \u0219i a atrage mai mult trafic organic.\t\t\t\t\t\t\t\t<\/div>\n\t\t\t\t<\/div>\n\t\t\t\t<\/div>\n\t\t<div class=\"elementor-element elementor-element-7989510 e-flex e-con-boxed e-con e-parent\" data-id=\"7989510\" data-element_type=\"container\" data-e-type=\"container\">\n\t\t\t\t\t<div class=\"e-con-inner\">\n\t\t\t\t<div class=\"elementor-element elementor-element-c8c3593 elementor-grid-laptop-3 elementor-grid-3 elementor-grid-tablet-2 elementor-grid-mobile-1 elementor-posts--thumbnail-top elementor-card-shadow-yes elementor-posts__hover-gradient elementor-widget elementor-widget-posts\" data-id=\"c8c3593\" data-element_type=\"widget\" data-e-type=\"widget\" data-settings=\"{&quot;cards_row_gap&quot;:{&quot;unit&quot;:&quot;px&quot;,&quot;size&quot;:30,&quot;sizes&quot;:[]},&quot;cards_columns_laptop&quot;:&quot;3&quot;,&quot;pagination_type&quot;:&quot;load_more_infinite_scroll&quot;,&quot;cards_columns&quot;:&quot;3&quot;,&quot;cards_columns_tablet&quot;:&quot;2&quot;,&quot;cards_columns_mobile&quot;:&quot;1&quot;,&quot;cards_row_gap_laptop&quot;:{&quot;unit&quot;:&quot;px&quot;,&quot;size&quot;:&quot;&quot;,&quot;sizes&quot;:[]},&quot;cards_row_gap_tablet&quot;:{&quot;unit&quot;:&quot;px&quot;,&quot;size&quot;:&quot;&quot;,&quot;sizes&quot;:[]},&quot;cards_row_gap_mobile&quot;:{&quot;unit&quot;:&quot;px&quot;,&quot;size&quot;:&quot;&quot;,&quot;sizes&quot;:[]},&quot;load_more_spinner&quot;:{&quot;value&quot;:&quot;fas fa-spinner&quot;,&quot;library&quot;:&quot;fa-solid&quot;}}\" data-widget_type=\"posts.cards\">\n\t\t\t\t<div class=\"elementor-widget-container\">\n\t\t\t\t\t\t\t<div class=\"elementor-posts-container elementor-posts elementor-posts--skin-cards elementor-grid\" role=\"list\">\n\t\t\t\t<article class=\"elementor-post elementor-grid-item post-2483 post type-post status-publish format-standard has-post-thumbnail hentry category-wordpress category-seo\" role=\"listitem\">\n\t\t\t<div class=\"elementor-post__card\">\n\t\t\t\t<a class=\"elementor-post__thumbnail__link\" href=\"https:\/\/bromedia.ro\/en\/how-to-write-a-meta-description-and-meta-title-in-wordpress\/\" tabindex=\"-1\" ><div class=\"elementor-post__thumbnail\"><img fetchpriority=\"high\" decoding=\"async\" width=\"800\" height=\"800\" src=\"https:\/\/bromedia.ro\/wp-content\/uploads\/2025\/03\/meta-descriere-wordpress.jpg\" class=\"attachment-large size-large wp-image-2488\" alt=\"\" srcset=\"https:\/\/bromedia.ro\/wp-content\/uploads\/2025\/03\/meta-descriere-wordpress.jpg 1000w, https:\/\/bromedia.ro\/wp-content\/uploads\/2025\/03\/meta-descriere-wordpress-300x300.jpg 300w, https:\/\/bromedia.ro\/wp-content\/uploads\/2025\/03\/meta-descriere-wordpress-100x100.jpg 100w, https:\/\/bromedia.ro\/wp-content\/uploads\/2025\/03\/meta-descriere-wordpress-600x600.jpg 600w, https:\/\/bromedia.ro\/wp-content\/uploads\/2025\/03\/meta-descriere-wordpress-150x150.jpg 150w, https:\/\/bromedia.ro\/wp-content\/uploads\/2025\/03\/meta-descriere-wordpress-768x768.jpg 768w\" sizes=\"(max-width: 800px) 100vw, 800px\" title=\"\"><\/div><\/a>\n\t\t\t\t<div class=\"elementor-post__badge\">WordPress<\/div>\n\t\t\t\t<div class=\"elementor-post__text\">\n\t\t\t\t<p class=\"elementor-post__title\">\n\t\t\t<a href=\"https:\/\/bromedia.ro\/en\/how-to-write-a-meta-description-and-meta-title-in-wordpress\/\" >\n\t\t\t\tHow to Write a Meta Description and Meta Title in WordPress\t\t\t<\/a>\n\t\t<\/p>\n\t\t\t\t\t<div class=\"elementor-post__read-more-wrapper\">\n\t\t\n\t\t<a class=\"elementor-post__read-more\" href=\"https:\/\/bromedia.ro\/en\/how-to-write-a-meta-description-and-meta-title-in-wordpress\/\" aria-label=\"Read more about Cum Scrii o Meta Descriere si un Meta Titlu in WordPress\" tabindex=\"-1\" >\n\t\t\tRead Article \u00bb\t\t<\/a>\n\n\t\t\t\t\t<\/div>\n\t\t\t\t<\/div>\n\t\t\t\t\t<\/div>\n\t\t<\/article>\n\t\t\t\t<article class=\"elementor-post elementor-grid-item post-2499 post type-post status-publish format-standard has-post-thumbnail hentry category-seo\" role=\"listitem\">\n\t\t\t<div class=\"elementor-post__card\">\n\t\t\t\t<a class=\"elementor-post__thumbnail__link\" href=\"https:\/\/bromedia.ro\/en\/keywords-how-to-find-them-and-where-to-put-them\/\" tabindex=\"-1\" ><div class=\"elementor-post__thumbnail\"><img decoding=\"async\" width=\"800\" height=\"800\" src=\"https:\/\/bromedia.ro\/wp-content\/uploads\/2025\/03\/cuvinte-cheie.jpg\" class=\"attachment-large size-large wp-image-2500\" alt=\"\" srcset=\"https:\/\/bromedia.ro\/wp-content\/uploads\/2025\/03\/cuvinte-cheie.jpg 1000w, https:\/\/bromedia.ro\/wp-content\/uploads\/2025\/03\/cuvinte-cheie-300x300.jpg 300w, https:\/\/bromedia.ro\/wp-content\/uploads\/2025\/03\/cuvinte-cheie-100x100.jpg 100w, https:\/\/bromedia.ro\/wp-content\/uploads\/2025\/03\/cuvinte-cheie-600x600.jpg 600w, https:\/\/bromedia.ro\/wp-content\/uploads\/2025\/03\/cuvinte-cheie-150x150.jpg 150w, https:\/\/bromedia.ro\/wp-content\/uploads\/2025\/03\/cuvinte-cheie-768x768.jpg 768w\" sizes=\"(max-width: 800px) 100vw, 800px\" title=\"\"><\/div><\/a>\n\t\t\t\t<div class=\"elementor-post__badge\">SEO<\/div>\n\t\t\t\t<div class=\"elementor-post__text\">\n\t\t\t\t<p class=\"elementor-post__title\">\n\t\t\t<a href=\"https:\/\/bromedia.ro\/en\/keywords-how-to-find-them-and-where-to-put-them\/\" >\n\t\t\t\tKeywords\t\t\t<\/a>\n\t\t<\/p>\n\t\t\t\t\t<div class=\"elementor-post__read-more-wrapper\">\n\t\t\n\t\t<a class=\"elementor-post__read-more\" href=\"https:\/\/bromedia.ro\/en\/keywords-how-to-find-them-and-where-to-put-them\/\" aria-label=\"Read more about Cuvinte Cheie\" tabindex=\"-1\" >\n\t\t\tRead Article \u00bb\t\t<\/a>\n\n\t\t\t\t\t<\/div>\n\t\t\t\t<\/div>\n\t\t\t\t\t<\/div>\n\t\t<\/article>\n\t\t\t\t<article class=\"elementor-post elementor-grid-item post-2549 post type-post status-publish format-standard has-post-thumbnail hentry category-seo\" role=\"listitem\">\n\t\t\t<div class=\"elementor-post__card\">\n\t\t\t\t<a class=\"elementor-post__thumbnail__link\" href=\"https:\/\/bromedia.ro\/en\/what-is-seo-and-what-does-optimizing-a-website-mean\/\" tabindex=\"-1\" ><div class=\"elementor-post__thumbnail\"><img decoding=\"async\" width=\"800\" height=\"801\" src=\"https:\/\/bromedia.ro\/wp-content\/uploads\/2025\/03\/ce-este-seo.webp\" class=\"attachment-large size-large wp-image-2550\" alt=\"ce-este-seo\" srcset=\"https:\/\/bromedia.ro\/wp-content\/uploads\/2025\/03\/ce-este-seo.webp 1024w, https:\/\/bromedia.ro\/wp-content\/uploads\/2025\/03\/ce-este-seo-300x300.webp 300w, https:\/\/bromedia.ro\/wp-content\/uploads\/2025\/03\/ce-este-seo-100x100.webp 100w, https:\/\/bromedia.ro\/wp-content\/uploads\/2025\/03\/ce-este-seo-600x601.webp 600w, https:\/\/bromedia.ro\/wp-content\/uploads\/2025\/03\/ce-este-seo-150x150.webp 150w, https:\/\/bromedia.ro\/wp-content\/uploads\/2025\/03\/ce-este-seo-768x769.webp 768w\" sizes=\"(max-width: 800px) 100vw, 800px\" title=\"\"><\/div><\/a>\n\t\t\t\t<div class=\"elementor-post__badge\">SEO<\/div>\n\t\t\t\t<div class=\"elementor-post__text\">\n\t\t\t\t<p class=\"elementor-post__title\">\n\t\t\t<a href=\"https:\/\/bromedia.ro\/en\/what-is-seo-and-what-does-optimizing-a-website-mean\/\" >\n\t\t\t\tWhat is SEO?\t\t\t<\/a>\n\t\t<\/p>\n\t\t\t\t\t<div class=\"elementor-post__read-more-wrapper\">\n\t\t\n\t\t<a class=\"elementor-post__read-more\" href=\"https:\/\/bromedia.ro\/en\/what-is-seo-and-what-does-optimizing-a-website-mean\/\" aria-label=\"Read more about Ce Este SEO\" tabindex=\"-1\" >\n\t\t\tRead Article \u00bb\t\t<\/a>\n\n\t\t\t\t\t<\/div>\n\t\t\t\t<\/div>\n\t\t\t\t\t<\/div>\n\t\t<\/article>\n\t\t\t\t<\/div>\n\t\t\t\t\t<span class=\"e-load-more-spinner\">\n\t\t\t\t<svg aria-hidden=\"true\" class=\"e-font-icon-svg e-fas-spinner\" viewbox=\"0 0 512 512\" xmlns=\"http:\/\/www.w3.org\/2000\/svg\"><path d=\"M304 48c0 26.51-21.49 48-48 48s-48-21.49-48-48 21.49-48 48-48 48 21.49 48 48zm-48 368c-26.51 0-48 21.49-48 48s21.49 48 48 48 48-21.49 48-48-21.49-48-48-48zm208-208c-26.51 0-48 21.49-48 48s21.49 48 48 48 48-21.49 48-48-21.49-48-48-48zM96 256c0-26.51-21.49-48-48-48S0 229.49 0 256s21.49 48 48 48 48-21.49 48-48zm12.922 99.078c-26.51 0-48 21.49-48 48s21.49 48 48 48 48-21.49 48-48c0-26.509-21.491-48-48-48zm294.156 0c-26.51 0-48 21.49-48 48s21.49 48 48 48 48-21.49 48-48c0-26.509-21.49-48-48-48zM108.922 60.922c-26.51 0-48 21.49-48 48s21.49 48 48 48 48-21.49 48-48-21.491-48-48-48z\"><\/path><\/svg>\t\t\t<\/span>\n\t\t\n\t\t\t\t\t\t<\/div>\n\t\t\t\t<\/div>\n\t\t\t\t\t<\/div>\n\t\t\t\t<\/div>\n\t\t\t\t<\/div>","protected":false},"excerpt":{"rendered":"<p>Blog Tutoriale SEO Pe pagina noastr\u0103 de tutoriale SEO, vei descoperi tehnici \u0219i recomand\u0103ri esen\u021biale pentru a-\u021bi \u00eembun\u0103t\u0103\u021bi clasamentul site-ului \u0219i a atrage mai mult<\/p>","protected":false},"author":1,"featured_media":0,"parent":0,"menu_order":0,"comment_status":"closed","ping_status":"closed","template":"elementor_header_footer","meta":{"footnotes":""},"categories":[],"tags":[],"class_list":["post-2596","page","type-page","status-publish","hentry"],"_links":{"self":[{"href":"https:\/\/bromedia.ro\/en\/wp-json\/wp\/v2\/pages\/2596","targetHints":{"allow":["GET"]}}],"collection":[{"href":"https:\/\/bromedia.ro\/en\/wp-json\/wp\/v2\/pages"}],"about":[{"href":"https:\/\/bromedia.ro\/en\/wp-json\/wp\/v2\/types\/page"}],"author":[{"embeddable":true,"href":"https:\/\/bromedia.ro\/en\/wp-json\/wp\/v2\/users\/1"}],"replies":[{"embeddable":true,"href":"https:\/\/bromedia.ro\/en\/wp-json\/wp\/v2\/comments?post=2596"}],"version-history":[{"count":1,"href":"https:\/\/bromedia.ro\/en\/wp-json\/wp\/v2\/pages\/2596\/revisions"}],"predecessor-version":[{"id":5248,"href":"https:\/\/bromedia.ro\/en\/wp-json\/wp\/v2\/pages\/2596\/revisions\/5248"}],"wp:attachment":[{"href":"https:\/\/bromedia.ro\/en\/wp-json\/wp\/v2\/media?parent=2596"}],"wp:term":[{"taxonomy":"category","embeddable":true,"href":"https:\/\/bromedia.ro\/en\/wp-json\/wp\/v2\/categories?post=2596"},{"taxonomy":"post_tag","embeddable":true,"href":"https:\/\/bromedia.ro\/en\/wp-json\/wp\/v2\/tags?post=2596"}],"curies":[{"name":"wp","href":"https:\/\/api.w.org\/{rel}","templated":true}]}}