{"id":5958,"date":"2025-08-11T06:50:00","date_gmt":"2025-08-11T06:50:00","guid":{"rendered":"https:\/\/bromedia.ro\/?page_id=5958"},"modified":"2026-03-24T07:21:00","modified_gmt":"2026-03-24T07:21:00","slug":"termeni-si-conditii","status":"publish","type":"page","link":"https:\/\/bromedia.ro\/en\/termeni-si-conditii\/","title":{"rendered":"Termeni si Conditii"},"content":{"rendered":"<div data-elementor-type=\"wp-page\" data-elementor-id=\"5958\" class=\"elementor elementor-5958\" data-elementor-post-type=\"page\">\n\t\t\t\t<div class=\"elementor-element elementor-element-705c423 e-con-full e-flex e-con e-parent\" data-id=\"705c423\" data-element_type=\"container\" data-e-type=\"container\">\n\t\t<div class=\"elementor-element elementor-element-6f1e3a8 e-con-full e-flex e-con e-child\" data-id=\"6f1e3a8\" data-element_type=\"container\" data-e-type=\"container\" data-settings=\"{&quot;background_background&quot;:&quot;gradient&quot;}\">\n\t\t\t\t<div class=\"elementor-element elementor-element-c741c62 elementor-widget elementor-widget-heading\" data-id=\"c741c62\" data-element_type=\"widget\" data-e-type=\"widget\" data-widget_type=\"heading.default\">\n\t\t\t\t\t<h1 class=\"elementor-heading-title elementor-size-default\">Termeni si Conditii<\/h1>\t\t\t\t<\/div>\n\t\t\t\t<div class=\"elementor-element elementor-element-46cc2e7 elementor-widget-divider--view-line elementor-widget elementor-widget-divider\" data-id=\"46cc2e7\" data-element_type=\"widget\" data-e-type=\"widget\" data-widget_type=\"divider.default\">\n\t\t\t\t\t\t\t<div class=\"elementor-divider\">\n\t\t\t<span class=\"elementor-divider-separator\">\n\t\t\t\t\t\t<\/span>\n\t\t<\/div>\n\t\t\t\t\t\t<\/div>\n\t\t\t\t<\/div>\n\t\t\t\t<\/div>\n\t\t<div class=\"elementor-element elementor-element-ed108c7 e-flex e-con-boxed e-con e-parent\" data-id=\"ed108c7\" data-element_type=\"container\" data-e-type=\"container\">\n\t\t\t\t\t<div class=\"e-con-inner\">\n\t\t\t\t<div class=\"elementor-element elementor-element-352fa48 elementor-widget elementor-widget-text-editor\" data-id=\"352fa48\" data-element_type=\"widget\" data-e-type=\"widget\" data-widget_type=\"text-editor.default\">\n\t\t\t\t\t\t\t\t\t<p><strong>INTRODUCERE<\/strong><\/p><p>\u00a0<\/p><p>Mul\u021bumim pentru interesul fa\u021b\u0103 de compania, site-ul \u0219i produsele pe care le comercializ\u0103m prin intermediul magazinului nostru online.<\/p><p>\u00a0<\/p><p>V\u0103 rug\u0103m s\u0103 citi\u021bi acest document cu aten\u021bie. Acest document (denumit \u00een continuare\u00a0<em>\u201ePrezentul document\u201d, \u201eContractul\u201d<\/em>\u00a0or\u00a0<em>\u201eTermenii \u0219i Condi\u021biile\u201d)\u00a0<\/em>reprezint\u0103 condi\u021biile utiliz\u0103rii site-ului bromedia.ro (denumit \u00een continuare \u201eSite-ul\u201d) \u0219i condi\u021biile plas\u0103rii de comenzi de produse prin intermediul site-ului, inclusiv condi\u021biile de livrare \u0219i de retur. Prin navigarea pe site-ul nostru sau prin plasarea unei comenzi sunte\u021bi de acord cu Termenii \u0219i Condi\u021biile descrise mai jos. Acest document reprezint\u0103 o conven\u021bie legal\u0103 \u2013 un contract \u00eentre dumneavoastr\u0103 \u0219i noi. V\u0103 rug\u0103m s\u0103 citi\u021bi \u0219i Politica noastr\u0103 de confiden\u021bialitate \u0219i Politica privind utilizarea modulelor cookie, \u00eenainte de a naviga pe site sau a plasa o comand\u0103. Dac\u0103 nu sunte\u021bi de acord cu ace\u0219ti Termeni sau cu Politicile indicate mai sus, v\u0103 rug\u0103m s\u0103 nu utiliza\u021bi site-ul.<\/p><p><strong>\u00a0<\/strong><\/p><p><strong>PREZENTUL CONTRACT. OBLIGATIVITATE. CONTACT<\/strong><\/p><p><strong>\u00a0<\/strong><\/p><p><em><u>Caracter obligatoriu.<\/u><\/em>\u00a0\u00cen\u021belege\u021bi c\u0103 at\u00e2t prezentul contract, c\u00e2t \u0219i toate politicile la care acesta face referire (e.g., Politic\u0103 de confiden\u021bialitate, Politic\u0103 privind utilizarea modulelor cookie) au caracter obligatoriu fa\u021b\u0103 de dvs. Prin navigarea pe site-ul nostru sau prin plasarea unei comenzi, v\u0103 lua\u021bi angajamentul de a respecta prezentul contract \u0219i politicile indicate.<\/p><p>\u00a0<\/p><p><em><u>Modific\u0103ri \u0219i actualiz\u0103ri.<\/u><\/em>\u00a0Ne rezerv\u0103m dreptul de a modifica oric\u00e2nd \u0219i f\u0103r\u0103 notificare prealabil\u0103 ace\u0219ti Termeni. Comenzii dumneavoastr\u0103 i se vor aplica termenii care sunt \u00een vigoare la momentul plas\u0103rii comenzii. Acces\u00e2nd site-ul nostru ve\u021bi g\u0103si cea mai recent\u0103 versiune a Termenilor.<\/p><p>\u00a0<\/p><p>Nu putem garanta faptul c\u0103 orice produse care au fost incluse la un moment dat pe site vor fi disponibile \u00een orice moment. Ne rezerv\u0103m dreptul de a \u00eenceta \u00een orice moment comercializarea unui produs.<\/p><p>\u00a0<\/p><p><em><u>Contact.<\/u><\/em>\u00a0Dac\u0103 ave\u021bi \u00eentreb\u0103ri sau neclarit\u0103\u021bi, ne pute\u021bi contacta cu \u00eencredere salut@bromedia.ro sau prin completarea formularului de contact \u0219i o s\u0103 v\u0103 r\u0103spundem \u00een cel mai scurt timp.<\/p><p><strong>\u00a0<\/strong><\/p><p><strong>CINE SUNTEM?<\/strong><\/p><p>\u00a0<\/p><p>Site-ul bromedia.ro \u00a0apar\u021bine BRO Media Online SRL, societate de na\u021bionalitate rom\u00e2n\u0103 cu sediul social \u00een Brasov, \u00eenmatriculat\u0103 \u00een Registrul Comer\u021bului Bucure\u0219ti sub nr.J08\/337\/2022, av\u00e2nd codul fiscal 45586725, e-mail salut@bromedia.ro.<\/p><p>\u00a0<\/p><p>Suntem o companie care ne ocup\u0103m cu realizarea site-urilor web.<\/p><p>\u00a0<\/p><p><strong>DATELE DVS. CU CARACTER PERSONAL<\/strong><\/p><p>\u00a0<\/p><p>Site-ul prelucreaz\u0103 date cu caracter personal furnizate de dvs. sau colectate din alte surse astfel cum am descris pe larg \u00een Politica de confiden\u021bialitate https:\/\/old.bromedia.ro\/politica-cookies\/.<\/p><p>\u00a0<\/p><p>Ne-am luat angajamentul s\u0103 respect\u0103m legisla\u021bia na\u021bional\u0103 \u0219i european\u0103 privind protec\u021bia datelor cu caracter personal \u0219i libera circula\u021bie a acestor date.<\/p><p>\u00a0<\/p><p>Prin vizitarea \u0219i\/sau utilizarea site-ului, plasarea de comenzi sau prin interac\u021biunea cu noi prin orice metod\u0103 \u0219i\/sau orice mijloc de comunicare la distan\u021b\u0103, sunte\u021bi de acord cu prelucrarea datelor dvs. cu caracter personal astfel cum am descris \u00een Politica de confiden\u021bialitate https:\/\/old.bromedia.ro\/politica-cookies\/.<\/p><p>\u00a0<\/p><p>Declara\u021bi, totodat\u0103, c\u0103 toate datele personale \u0219i informa\u021biile transmise c\u0103tre noi sunt corecte. \u00cen m\u0103sura \u00een care datele nu v\u0103 apar\u021bin, declara\u021bi c\u0103 a\u021bi ob\u021binut acordul scris \u0219i prealabil al persoanei vizate ale c\u0103rei date le transmite\u021bi c\u0103tre noi sau declara\u021bi c\u0103 transmite\u021bi datele \u00een baza altui temei legal conform Regulamentului (UE) nr. 679\/2016.<\/p><p>\u00a0<\/p><p>Este posibil s\u0103 colect\u0103m informa\u021bii prin module cookie sau alte tehnologii similare, precum adresa IP, detalii privind navigatorul sau dispozitivul utilizat. Dac\u0103 dori\u021bi s\u0103 afla\u021bi mai multe informa\u021bii, v\u0103 recomand\u0103m s\u0103 accesa\u021bi \u0219i s\u0103 parcurge\u021bi Politica noastr\u0103 privind utilizarea modulelor cookie https:\/\/old.bromedia.ro\/politica-cookies\/.<\/p><p>\u00a0<\/p><p><strong>ELIGIBILITATE<\/strong><\/p><p><strong>\u00a0<\/strong><\/p><p>Pentru a putea plasa \u00een mod legal o comand\u0103 pe site-ul nostru trebuie\u00a0<em>(1)<\/em>\u00a0s\u0103 ave\u021bi peste 18 ani \u0219i\/sau capacitate deplin\u0103 de exerci\u021biu;\u00a0<em>(2)<\/em>\u00a0s\u0103 fi\u021bi de acord cu prezentul Contract; \u0219i\u00a0<em>(3)<\/em>\u00a0s\u0103 ne furniza\u021bi informa\u021bii de \u00a0identitate \u0219i de contact reale, complete \u0219i actualizate.<\/p><p>\u00a0<\/p><p><em><u>V\u00e2nzarea c\u0103tre minori.<\/u><\/em>\u00a0Site-ul nu vinde produse c\u0103tre minori. Dac\u0103 ave\u021bi sub 18 ani, v\u0103 rug\u0103m s\u0103 apela\u021bi la un p\u0103rinte\/tutore pentru a plasa comanda \u00een numele dvs. sau pentru a autoriza plasarea unei comenzi.<\/p><p>\u00a0<\/p><p><strong>REGULI PRIVIND UTILIZAREA SITE-ULUI<\/strong><\/p><p><strong>\u00a0<\/strong><\/p><p><em><u>Reguli.<\/u><\/em>\u00a0Prin accesarea, vizitarea, plasarea unei comenzi sau desf\u0103\u0219urarea oric\u0103rei alte activit\u0103\u021bi pe site-ul nostru, promite\u021bi s\u0103 respecta\u021bi urm\u0103toarele reguli:<\/p><p>\u00a0<\/p><ol><li>Ve\u021bi folosi acest site exclusiv pentru efectuarea comenzilor legitime sau pentru informare;<\/li><li>Nu ve\u021bi efectua nicio comand\u0103 fals\u0103 sau frauduloas\u0103, \u00een caz contrar ne rezerv\u0103m dreptul de a anula comanda \u0219i informa autorit\u0103\u021bile competente sau a ne adresa justi\u021biei pentru recuperarea oric\u0103ror prejudicii cauzate;<\/li><li>Ve\u021bi furniza informa\u021bii reale, exacte, complete \u0219i actualizate;<\/li><li>Ve\u021bi respecta drepturile de proprietate intelectual\u0103 cu privire la orice element reg\u0103sit pe acest site.<\/li><li>Nu ve\u021bi desf\u0103\u0219ura niciun fel de ac\u021biune care ar putea aduce orice fel de prejudiciu site-ului nostru, \u00een caz contrar ne rezerv\u0103m dreptul de a ne adresa justi\u021biei pentru recuperarea oric\u0103ror prejudicii cauzate.<\/li><\/ol><p>\u00a0<\/p><p><em><u>Consecin\u021be.<\/u><\/em>\u00a0Ne rezerv\u0103m dreptul de a bloca accesul oric\u0103rui utilizator care \u00eencalc\u0103 regulile de mai sus, de a anula comenzile, de a sesiza autorit\u0103\u021bile competente pentru tragerea la r\u0103spundere administrativ\u0103\/penal\u0103 a oric\u0103ror fapte antisociale \u0219i de a ne adresa justi\u021biei pentru recuperarea \u00een integralitate a oric\u0103ror prejudiciilor cauzate, prezente sau viitoare, inclusive beneficiile nerealizate \u0219i cheltuielile de judecat\u0103 (inclusiv onorariile avoca\u021bilor).<\/p><p>\u00a0<\/p><p><strong>\u00ceNCHEIEREA CONTRACTULUI<\/strong><\/p><p><strong>\u00a0<\/strong><\/p><p><em><u>Data \u00eencheierii contractului.<\/u><\/em>\u00a0Contractul dintre dvs. \u0219i noi se \u00eencheie \u00een momentul \u00een care comanda dvs. va fi acceptat\u0103 \u00een mod expres de noi \u0219i ve\u021bi primi, \u00een acest sens, un e-mail \u00een care vom confirma livrarea.<\/p><p>\u00a0<\/p><p><em><u>Protec\u021bie.<\/u><\/em>\u00a0\u00cen m\u0103sura \u00een care nu vom accepta comanda, dar dvs. v-au fost retrase sume de bani, vom proceda la rambursarea acestor sume \u00een cel mai scurt timp.<\/p><p>\u00a0<\/p><p><em><u>Decizia ne apar\u021bine.<\/u><\/em>\u00a0Ne rezerv\u0103m dreptul de a decide, \u00een mod unilateral \u0219i f\u0103r\u0103 a preciza motivul, \u00eencheierea sau nu a unui contract de v\u00e2nzare. Nu vom avea nicio r\u0103spundere fa\u021b\u0103 de dvs. \u00een situa\u021bia \u00een care refuz\u0103m s\u0103 d\u0103m curs unei comenzi. Dreptul de proprietate asupra produselor se va transfera c\u0103tre dumneavoastr\u0103 numai dup\u0103 ce a\u021bi realizat plata tuturor sumelor datorate pentru produse, inclusiv a costurilor de livrare.<\/p><p>\u00a0<\/p><p><strong>\u00a0<\/strong><\/p><p><strong>FOR\u021aA MAJOR\u0102 \u0218I CAZUL FORTUIT<\/strong><\/p><p><strong>\u00a0<\/strong><\/p><p>Nu vom fi tra\u0219i la r\u0103spundere pentru niciun fel de \u00eent\u00e2rzieri sau nereu\u0219ite \u00een \u00eendeplinirea serviciilor noastre, dac\u0103 intervine un caz de for\u021b\u0103 major\u0103 sau un caz fortuit. For\u021ba major\u0103 include, dar nu se limiteaz\u0103 la schimb\u0103ri \u00een legi sau reglement\u0103ri, embargouri, r\u0103zboaie, acte teroriste, revolte, incendii, cutremure, accidente nucleare, inunda\u021bii, greve, epidemii, pandemii, condi\u021bii meteorologice \u0219i acte ale hackerilor sau furnizorilor de servicii de internet.<\/p><p>\u00a0<\/p><p><strong>\u00a0<\/strong><\/p><p><strong>CLAUZE FINALE<\/strong><\/p><p><strong>\u00a0<\/strong><\/p><p>Ace\u0219ti Termeni constituie acordul integral dintre dumneavoastr\u0103 \u015fi noi \u00een ceea ce prive\u0219te obiectul oric\u0103rui Contract \u0219i \u00eenlocuie\u0219te orice alt acord, orice alt\u0103 \u00een\u021belegere anterioar\u0103 verbal\u0103 sau scris\u0103 dintre dumneavoastr\u0103 \u0219i noi.<\/p><p>\u00a0<\/p><p>Acest Contract are caracter obligatoriu. Nu pute\u021bi transfera, cesiona, greva sau \u00eenstr\u0103ina \u00een niciun alt mod acest Contract sau oricare dintre drepturile sau obliga\u021biile dumneavoastr\u0103 care decurg din acesta, f\u0103r\u0103 acordul nostru prealabil \u0219i scris. Noi putem transfera, cesiona, greva, subcontracta sau \u00eenstr\u0103ina \u00een orice alt mod un Contract sau oricare dintre drepturile sau obliga\u021biile noastre care decurg din Contract. \u00a0<\/p>\t\t\t\t\t\t\t\t<\/div>\n\t\t\t\t\t<\/div>\n\t\t\t\t<\/div>\n\t\t\t\t<\/div>","protected":false},"excerpt":{"rendered":"<p>Termeni si Conditii INTRODUCERE \u00a0 Mul\u021bumim pentru interesul fa\u021b\u0103 de compania, site-ul \u0219i produsele pe care le comercializ\u0103m prin intermediul magazinului nostru online. \u00a0 V\u0103 rug\u0103m s\u0103 citi\u021bi acest document cu aten\u021bie. Acest document (denumit \u00een continuare\u00a0\u201ePrezentul document\u201d, \u201eContractul\u201d\u00a0sau\u00a0\u201eTermenii \u0219i Condi\u021biile\u201d)\u00a0reprezint\u0103 condi\u021biile utiliz\u0103rii site-ului bromedia.ro (denumit \u00een continuare \u201eSite-ul\u201d) \u0219i condi\u021biile plas\u0103rii de comenzi de [&hellip;]<\/p>\n","protected":false},"author":1,"featured_media":0,"parent":0,"menu_order":0,"comment_status":"closed","ping_status":"closed","template":"elementor_header_footer","meta":{"footnotes":""},"categories":[],"tags":[],"class_list":["post-5958","page","type-page","status-publish","hentry"],"_links":{"self":[{"href":"https:\/\/bromedia.ro\/en\/wp-json\/wp\/v2\/pages\/5958","targetHints":{"allow":["GET"]}}],"collection":[{"href":"https:\/\/bromedia.ro\/en\/wp-json\/wp\/v2\/pages"}],"about":[{"href":"https:\/\/bromedia.ro\/en\/wp-json\/wp\/v2\/types\/page"}],"author":[{"embeddable":true,"href":"https:\/\/bromedia.ro\/en\/wp-json\/wp\/v2\/users\/1"}],"replies":[{"embeddable":true,"href":"https:\/\/bromedia.ro\/en\/wp-json\/wp\/v2\/comments?post=5958"}],"version-history":[{"count":4,"href":"https:\/\/bromedia.ro\/en\/wp-json\/wp\/v2\/pages\/5958\/revisions"}],"predecessor-version":[{"id":5962,"href":"https:\/\/bromedia.ro\/en\/wp-json\/wp\/v2\/pages\/5958\/revisions\/5962"}],"wp:attachment":[{"href":"https:\/\/bromedia.ro\/en\/wp-json\/wp\/v2\/media?parent=5958"}],"wp:term":[{"taxonomy":"category","embeddable":true,"href":"https:\/\/bromedia.ro\/en\/wp-json\/wp\/v2\/categories?post=5958"},{"taxonomy":"post_tag","embeddable":true,"href":"https:\/\/bromedia.ro\/en\/wp-json\/wp\/v2\/tags?post=5958"}],"curies":[{"name":"wp","href":"https:\/\/api.w.org\/{rel}","templated":true}]}}